{"id":38,"date":"2025-02-06T09:31:14","date_gmt":"2025-02-06T09:31:14","guid":{"rendered":"https:\/\/freax.be\/coordonnees\/"},"modified":"2025-02-06T09:31:14","modified_gmt":"2025-02-06T09:31:14","slug":"coordonnees","status":"publish","type":"page","link":"https:\/\/freax.be\/ro\/coordonnees\/","title":{"rendered":"Date de contact"},"content":{"rendered":"<p>V\u0103 mul\u021bumim c\u0103 a\u021bi vizitat Freax, blogul vostru de mod\u0103 \u0219i tendin\u021be. Dac\u0103 ave\u021bi \u00eentreb\u0103ri, sugestii sau comentarii cu privire la articolele \u0219i produsele noastre, ne-ar pl\u0103cea s\u0103 v\u0103 auzim. Echipa noastr\u0103 v\u0103 st\u0103 la dispozi\u021bie pentru a v\u0103 oferi r\u0103spunsuri prompte \u0219i complete.<\/p>\n<h2>Formular de contact<\/h2>\n<form action=\"\/ro\/submit_form.php\/\" method=\"POST\" data-trp-original-action=\"submit_form.php\">\n            <label for=\"name\">Nume:<\/label><br \/>\n            <input type=\"text\" id=\"name\" name=\"name\" required><\/p>\n<p>            <label for=\"email\">E-mail:<\/label><br \/>\n            <input type=\"email\" id=\"email\" name=\"email\" required><\/p>\n<p>            <label for=\"message\">Mesaj:<\/label><br \/>\n            <textarea id=\"message\" name=\"message\" rows=\"4\" required><\/textarea><\/p>\n<p>            <button type=\"submit\">Trimite<\/button><br \/>\n        <input type=\"hidden\" name=\"trp-form-language\" value=\"ro\"\/><\/form>\n<h3>Trimite\u021bi-ne un e-mail:<\/h3>\n<p>Pentru orice \u00eentreb\u0103ri sau sugestii, ne pute\u021bi contacta la <a href=\"mailto:contact@freax.be\">contact@freax.be<\/a>.<\/p>","protected":false},"excerpt":{"rendered":"<p>V\u0103 mul\u021bumim c\u0103 a\u021bi vizitat Freax, blogul dvs. de mod\u0103 \u0219i tendin\u021be. Dac\u0103 ave\u021bi \u00eentreb\u0103ri, sugestii sau comentarii cu privire la articolele \u0219i produsele noastre, ne-ar pl\u0103cea s\u0103 v\u0103 auzim. Echipa noastr\u0103 v\u0103 st\u0103 la dispozi\u021bie pentru a v\u0103 oferi r\u0103spunsuri prompte \u0219i complete. Formular de contact Nume: Email: Mesaj [\u2026]<\/p>","protected":false},"author":1,"featured_media":0,"parent":0,"menu_order":0,"comment_status":"closed","ping_status":"closed","template":"","meta":{"_acf_changed":false,"footnotes":""},"class_list":["post-38","page","type-page","status-publish","hentry"],"acf":[],"yoast_head":"<!-- This site is optimized with the Yoast SEO plugin v23.2 - https:\/\/yoast.com\/wordpress\/plugins\/seo\/ -->\n<title>Coordonn\u00e9es - freax.be<\/title>\n<meta name=\"robots\" content=\"index, follow, max-snippet:-1, max-image-preview:large, max-video-preview:-1\" \/>\n<link rel=\"canonical\" href=\"https:\/\/freax.be\/ro\/coordonnees\/\" \/>\n<meta property=\"og:locale\" content=\"ro_RO\" \/>\n<meta property=\"og:type\" content=\"article\" \/>\n<meta property=\"og:title\" content=\"Coordonn\u00e9es - freax.be\" \/>\n<meta property=\"og:description\" content=\"Merci de visiter Freax, votre blog de mode et de tendances. Si vous avez des questions, des suggestions ou des commentaires concernant nos articles et produits, nous serions ravis de recevoir votre message. Notre \u00e9quipe est \u00e0 votre disposition pour vous fournir des r\u00e9ponses rapides et compl\u00e8tes. Formulaire de Contact Nom : Email : Message [&hellip;]\" \/>\n<meta property=\"og:url\" content=\"https:\/\/freax.be\/ro\/coordonnees\/\" \/>\n<meta property=\"og:site_name\" content=\"freax.be\" \/>\n<meta name=\"twitter:card\" content=\"summary_large_image\" \/>\n<script type=\"application\/ld+json\" class=\"yoast-schema-graph\">{\"@context\":\"https:\/\/schema.org\",\"@graph\":[{\"@type\":\"WebPage\",\"@id\":\"https:\/\/freax.be\/coordonnees\/\",\"url\":\"https:\/\/freax.be\/coordonnees\/\",\"name\":\"Coordonn\u00e9es - freax.be\",\"isPartOf\":{\"@id\":\"https:\/\/freax.be\/#website\"},\"datePublished\":\"2025-02-06T09:31:14+00:00\",\"dateModified\":\"2025-02-06T09:31:14+00:00\",\"breadcrumb\":{\"@id\":\"https:\/\/freax.be\/coordonnees\/#breadcrumb\"},\"inLanguage\":\"ro-RO\",\"potentialAction\":[{\"@type\":\"ReadAction\",\"target\":[\"https:\/\/freax.be\/coordonnees\/\"]}]},{\"@type\":\"BreadcrumbList\",\"@id\":\"https:\/\/freax.be\/coordonnees\/#breadcrumb\",\"itemListElement\":[{\"@type\":\"ListItem\",\"position\":1,\"name\":\"Home\",\"item\":\"https:\/\/freax.be\/\"},{\"@type\":\"ListItem\",\"position\":2,\"name\":\"Coordonn\u00e9es\"}]},{\"@type\":\"WebSite\",\"@id\":\"https:\/\/freax.be\/#website\",\"url\":\"https:\/\/freax.be\/\",\"name\":\"freax.be\",\"description\":\"Conseils et tendances pour adopter une allure sophistiqu\u00e9e et actuelle\",\"potentialAction\":[{\"@type\":\"SearchAction\",\"target\":{\"@type\":\"EntryPoint\",\"urlTemplate\":\"https:\/\/freax.be\/?s={search_term_string}\"},\"query-input\":\"required name=search_term_string\"}],\"inLanguage\":\"ro-RO\"}]}<\/script>\n<!-- \/ Yoast SEO plugin. -->","yoast_head_json":{"title":"Coordonn\u00e9es - freax.be","robots":{"index":"index","follow":"follow","max-snippet":"max-snippet:-1","max-image-preview":"max-image-preview:large","max-video-preview":"max-video-preview:-1"},"canonical":"https:\/\/freax.be\/ro\/coordonnees\/","og_locale":"ro_RO","og_type":"article","og_title":"Coordonn\u00e9es - freax.be","og_description":"Merci de visiter Freax, votre blog de mode et de tendances. Si vous avez des questions, des suggestions ou des commentaires concernant nos articles et produits, nous serions ravis de recevoir votre message. Notre \u00e9quipe est \u00e0 votre disposition pour vous fournir des r\u00e9ponses rapides et compl\u00e8tes. Formulaire de Contact Nom : Email : Message [&hellip;]","og_url":"https:\/\/freax.be\/ro\/coordonnees\/","og_site_name":"freax.be","twitter_card":"summary_large_image","schema":{"@context":"https:\/\/schema.org","@graph":[{"@type":"WebPage","@id":"https:\/\/freax.be\/coordonnees\/","url":"https:\/\/freax.be\/coordonnees\/","name":"Coordonn\u00e9es - freax.be","isPartOf":{"@id":"https:\/\/freax.be\/#website"},"datePublished":"2025-02-06T09:31:14+00:00","dateModified":"2025-02-06T09:31:14+00:00","breadcrumb":{"@id":"https:\/\/freax.be\/coordonnees\/#breadcrumb"},"inLanguage":"ro-RO","potentialAction":[{"@type":"ReadAction","target":["https:\/\/freax.be\/coordonnees\/"]}]},{"@type":"BreadcrumbList","@id":"https:\/\/freax.be\/coordonnees\/#breadcrumb","itemListElement":[{"@type":"ListItem","position":1,"name":"Home","item":"https:\/\/freax.be\/"},{"@type":"ListItem","position":2,"name":"Coordonn\u00e9es"}]},{"@type":"WebSite","@id":"https:\/\/freax.be\/#website","url":"https:\/\/freax.be\/","name":"freax.be","description":"Conseils et tendances pour adopter une allure sophistiqu\u00e9e et actuelle","potentialAction":[{"@type":"SearchAction","target":{"@type":"EntryPoint","urlTemplate":"https:\/\/freax.be\/?s={search_term_string}"},"query-input":"required name=search_term_string"}],"inLanguage":"ro-RO"}]}},"yoast_meta":{"yoast_wpseo_title":"","yoast_wpseo_metadesc":"","yoast_wpseo_canonical":"https:\/\/freax.be\/ro\/wp-json\/wp\/v2\/pages\/38"},"_links":{"self":[{"href":"https:\/\/freax.be\/ro\/wp-json\/wp\/v2\/pages\/38","targetHints":{"allow":["GET"]}}],"collection":[{"href":"https:\/\/freax.be\/ro\/wp-json\/wp\/v2\/pages"}],"about":[{"href":"https:\/\/freax.be\/ro\/wp-json\/wp\/v2\/types\/page"}],"author":[{"embeddable":true,"href":"https:\/\/freax.be\/ro\/wp-json\/wp\/v2\/users\/1"}],"replies":[{"embeddable":true,"href":"https:\/\/freax.be\/ro\/wp-json\/wp\/v2\/comments?post=38"}],"version-history":[{"count":0,"href":"https:\/\/freax.be\/ro\/wp-json\/wp\/v2\/pages\/38\/revisions"}],"wp:attachment":[{"href":"https:\/\/freax.be\/ro\/wp-json\/wp\/v2\/media?parent=38"}],"curies":[{"name":"wp","href":"https:\/\/api.w.org\/{rel}","templated":true}]}}